{"id":516,"date":"2016-08-16T08:09:36","date_gmt":"2016-08-16T08:09:36","guid":{"rendered":"http:\/\/kroth:8888\/?page_id=516"},"modified":"2023-12-28T09:25:51","modified_gmt":"2023-12-28T12:25:51","slug":"politica-da-privacidade","status":"publish","type":"page","link":"https:\/\/factecnologia.com.br\/novo\/politica-da-privacidade\/","title":{"rendered":"Aviso de Privacidade"},"content":{"rendered":"<p>[vc_row][vc_column][vc_column_text]<\/p>\n<p style=\"text-align: center;\"><a name=\"_Toc410375958\"><\/a><a name=\"_Toc82467206\"><\/a><strong>AVISO DE PRIVACIDADE<\/strong><\/p>\n<ol>\n<li><a name=\"_Toc410375959\"><\/a><a name=\"_Toc82467207\"><\/a><a name=\"_Toc87366141\"><\/a><a name=\"_Toc404183926\"><\/a><a name=\"_Toc404183927\"><\/a> <strong>INTRODU\u00c7\u00c3O<\/strong><\/li>\n<\/ol>\n<p>A Pol\u00edtica de Privacidade da FAC Tecnologia foi criada com o intuito de demonstrar o nosso compromisso com a prote\u00e7\u00e3o de seus dados pessoais. A seguir, apresentaremos como as suas informa\u00e7\u00f5es ser\u00e3o coletadas, utilizadas, protegidas, bem como quais s\u00e3o os seus direitos e como eles poder\u00e3o ser exercidos nos termos da Lei \u00ba 13.709\/2018 (LGPD).<\/p>\n<p>&nbsp;<\/p>\n<ol start=\"2\">\n<li><a name=\"_Toc87366142\"><\/a> <strong>APLICA\u00c7\u00c3O DESTE AVISO DE PRIVACIDADE<\/strong><\/li>\n<\/ol>\n<p>Este Aviso de Privacidade demonstra nosso compromisso \u00e9tico e respons\u00e1vel no tratamento de dados pessoais e aplica-se a todos os \u201cusu\u00e1rios\u201d referindo-se aos visitantes de nosso site, clientes e parceiros.<\/p>\n<p>&nbsp;<\/p>\n<ol start=\"3\">\n<li><a name=\"_Toc87366143\"><\/a> <strong>QUEM CONTROLA OS DADOS PESSOAIS<\/strong><\/li>\n<\/ol>\n<p>A Controladora, ou seja, a entidade respons\u00e1vel por tomar as decis\u00f5es sobre o tratamento dos dados pessoais \u00e9 a FAC Tecnologia, com sede no Centro Empresarial Sebba, Av. C-255, 271 &#8211; sala 815, Goi\u00e2nia &#8211; GO, 74280-010.<\/p>\n<p>Marcelo ser\u00e1 o Encarregado de Dados, respons\u00e1vel por aceitar reclama\u00e7\u00f5es e comunica\u00e7\u00f5es dos titulares, prestar esclarecimentos e adotar provid\u00eancias e poder\u00e1 ser contatado atrav\u00e9s do e-mail <a href=\"mailto:privacidade@factecnologia.com.br\">dpo@factecnologia.com.br<\/a>.<\/p>\n<p>&nbsp;<\/p>\n<ol start=\"4\">\n<li><a name=\"_Toc87366144\"><\/a> <strong>COMO COLETAMOS OS DADOS PESSOAIS<\/strong><\/li>\n<\/ol>\n<p>Para que possamos prestar os nossos servi\u00e7os \u00e9 imprescind\u00edvel a coleta de algumas informa\u00e7\u00f5es pessoais. A FAC Tecnologia poder\u00e1 coletar dados fornecidos diretamente por voc\u00ea ou de forma autom\u00e1tica nas seguintes situa\u00e7\u00f5es:<\/p>\n<p>Usu\u00e1rios do site: por inser\u00e7\u00f5es volunt\u00e1rias no site, a exemplo de entrar em contato com o Fale Conosco.<\/p>\n<p>Dados de navega\u00e7\u00e3o em nosso site: quando acessado o site <a href=\"https:\/\/factecnologia.com.br\/\">https:\/\/factecnologia.com.br\/<\/a>.<a name=\"_Toc87366145\"><\/a><\/p>\n<p>&nbsp;<\/p>\n<p><strong>5. QUAIS DADOS PESSOAIS COLETAMOS<\/strong><\/p>\n<p>Os dados pessoais que coletamos variam conforme o relacionamento que voc\u00ea estabelece conosco:<\/p>\n<table width=\"605\">\n<tbody>\n<tr>\n<td width=\"156\"><strong>Processo\u00a0\/ Atividade<\/strong><\/td>\n<td width=\"207\"><strong>Finalidade\u00a0<\/strong><\/td>\n<td width=\"242\"><strong>Dados Pessoais\u00a0<\/strong><\/td>\n<\/tr>\n<tr>\n<td width=\"156\"><strong>WEBSITE<\/strong><\/td>\n<td width=\"207\">Site institucional<\/td>\n<td width=\"242\">IP e cookies<\/td>\n<\/tr>\n<tr>\n<td width=\"156\"><strong>CONTATO<\/strong><\/td>\n<td width=\"207\">Solicita\u00e7\u00e3o de contato<\/td>\n<td width=\"242\">Nome, e-mail, telefone e qualquer informa\u00e7\u00e3o que voc\u00ea compartilhar voluntariamente conosco, como coment\u00e1rios, opini\u00f5es, avalia\u00e7\u00f5es de pesquisa, e-mail, utiliza\u00e7\u00e3o do chat ou whatsapp.<\/td>\n<\/tr>\n<\/tbody>\n<\/table>\n<ol start=\"6\">\n<li><a name=\"_Toc87366146\"><\/a> <strong>COMO UTILIZAMOS OS DADOS PESSOAIS<\/strong><\/li>\n<\/ol>\n<p>Utilizamos os dados pessoais que coletamos com responsabilidade e seguran\u00e7a para atender a diferentes finalidades. Relacionamos abaixo as principais raz\u00f5es pelas quais tratamos os seus dados pessoais:<\/p>\n<ol>\n<li>Mediante o fornecimento do seu consentimento para tratamento dos dados: divulga\u00e7\u00e3o de novos cursos e servi\u00e7os.<\/li>\n<li>Quando existem interesses leg\u00edtimos da FAC Tecnologia, atrav\u00e9s de contato com usu\u00e1rios que nos procuraram atrav\u00e9s de nosso site.<\/li>\n<li>Exerc\u00edcio regular de nossos direitos garantidos por lei, como, por exemplo, para utiliza\u00e7\u00e3o como prova em processos judiciais e administrativos, se necess\u00e1rio.<\/li>\n<li>Cumprimento de obriga\u00e7\u00e3o legal ou regulat\u00f3ria.<\/li>\n<\/ol>\n<p>&nbsp;<\/p>\n<ol start=\"7\">\n<li><a name=\"_Toc87366148\"><\/a> <strong>COM QUEM COMPARTILHAMOS OS DADOS PESSOAIS<\/strong><\/li>\n<\/ol>\n<p>A FAC Tecnologia sempre respeitar\u00e1 os princ\u00edpios de proporcionalidade, necessidade e relev\u00e2ncia para os objetivos da organiza\u00e7\u00e3o, mantendo o compromisso de confidencialidade e preserva\u00e7\u00e3o da sua privacidade.<\/p>\n<p>A FAC Tecnologia, sempre que poss\u00edvel, dar\u00e1 prioridade para o n\u00e3o compartilhamento ou o compartilhamento anonimizado. Entretanto, se n\u00e3o for poss\u00edvel, o compartilhamento ser\u00e1 realizado na propor\u00e7\u00e3o de necessidade, garantindo os preceitos legais.<\/p>\n<p>&nbsp;<\/p>\n<ol start=\"8\">\n<li><a name=\"_Toc87366149\"><\/a> <strong>O QUE S\u00c3O COOKIES, PARA QUE ELES SERVEM E COMO UTILIZAMOS<\/strong><\/li>\n<\/ol>\n<p>Ao acessar os ambientes virtuais da FAC Tecnologia, em principal o Site Institucional, mesmo sem preenchimento de formul\u00e1rios, poder\u00e3o ser coletados\/registrados cookies criptografados pelo Google e outras ferramentas.<\/p>\n<p>Os \u201cCookies\u201d podem ser entendidos como pequenos arquivos que s\u00e3o armazenados no dispositivo de um navegador da internet, quando um usu\u00e1rio acessa um site. Utilizamos &#8220;cookies&#8221; para controle interno e, tamb\u00e9m, para lhe oferecermos os nossos servi\u00e7os de uma forma facilitada e customizada. As informa\u00e7\u00f5es s\u00e3o demogr\u00e1ficas e comportamentais para demonstrar an\u00e1lise do perfil de cada usu\u00e1rio.<\/p>\n<p>Voc\u00ea pode gerenciar os cookies que nosso site armazena em seu dispositivo atrav\u00e9s de nosso gerenciador de cookies, localizado na barra inferior a direita.<\/p>\n<p>&nbsp;<\/p>\n<ol start=\"9\">\n<li><a name=\"_Toc87366150\"><\/a> <strong>COMO MANTEMOS SEUS DADOS SEGUROS<\/strong><\/li>\n<\/ol>\n<p>Os dados pessoais tratados pela FAC Tecnologia ser\u00e3o eliminados quando deixarem de ser \u00fateis para os fins aos quais foram coletados ou quando voc\u00ea solicitar a sua elimina\u00e7\u00e3o, exceto na hip\u00f3tese de necessidade de cumprimento de obriga\u00e7\u00e3o legal ou regulat\u00f3ria, inclusive para o exerc\u00edcio de seus direitos em processos judiciais ou administrativos.<\/p>\n<p>&nbsp;<\/p>\n<ol start=\"10\">\n<li><a name=\"_Toc87366151\"><\/a> <strong>POR QUANTO TEMPO GUARDAMOS OS DADOS PESSOAIS<\/strong><\/li>\n<\/ol>\n<p>N\u00f3s somente manteremos os dados pessoais caso tenhamos uma base legal v\u00e1lida para realizar o tratamento. Em geral, isso significa que armazenaremos esses dados at\u00e9 o t\u00e9rmino da rela\u00e7\u00e3o contratualmente estabelecida. Contudo, certas informa\u00e7\u00f5es poder\u00e3o ser mantidas mesmo ap\u00f3s o t\u00e9rmino da rela\u00e7\u00e3o com a FAC Tecnologia, a fim de cumprir obriga\u00e7\u00e3o legal e\/ou regulat\u00f3ria ou para resguardar nossos direitos.<\/p>\n<p>&nbsp;<\/p>\n<ol start=\"11\">\n<li><a name=\"_Toc87366152\"><\/a> <strong>QUAIS S\u00c3O SEUS DIREITOS COMO TITULAR DE DADOS PESSOAIS<\/strong><\/li>\n<\/ol>\n<p>A FAC Tecnologia, enquanto Controladora de seus dados pessoais, respeita e garante os seguintes direitos:<\/p>\n<ol>\n<li>Confirma\u00e7\u00e3o da exist\u00eancia de tratamento;<\/li>\n<li>Acesso aos dados;<\/li>\n<li>Corre\u00e7\u00e3o de dados incompletos, inexatos ou desatualizados;<\/li>\n<li>Anonimiza\u00e7\u00e3o, bloqueio ou elimina\u00e7\u00e3o de dados desnecess\u00e1rios, excessivos ou tratados em desconformidade com a lei;<\/li>\n<li>Portabilidade dos dados a outro fornecedor de servi\u00e7o ou produto, mediante requisi\u00e7\u00e3o expressa do Titular dos dados pessoais;<\/li>\n<li>Elimina\u00e7\u00e3o dos dados tratados com consentimento do Usu\u00e1rio;<\/li>\n<li>Obten\u00e7\u00e3o de informa\u00e7\u00f5es sobre as entidades p\u00fablicas ou privadas com as quais a FAC Tecnologia compartilha os seus dados;<\/li>\n<li>Ser informado sobre as consequ\u00eancias em caso de negativa de fornecer o consentimento;<\/li>\n<li>Revoga\u00e7\u00e3o do consentimento.<\/li>\n<\/ol>\n<p>Neste ponto, todas as requisi\u00e7\u00f5es ser\u00e3o:<\/p>\n<ol>\n<li>Oportunizadas de forma gratuita;<\/li>\n<li>Submetidas a uma forma de valida\u00e7\u00e3o de sua identidade (a fim de que a FAC Tecnologia direcione o atendimento de requisi\u00e7\u00f5es, exclusivamente ao titular dos dados).<\/li>\n<\/ol>\n<p>Para exercer os seus direitos como titular de dados pessoais, entre em contato atrav\u00e9s do e-mail <a href=\"mailto:privacidade@factecnologia.com.br\">dpo@factecnologia.com.br<\/a>.<\/p>\n<p>&nbsp;<\/p>\n<ol start=\"12\">\n<li><a name=\"_Toc87366153\"><\/a> <strong>ONDE ARMAZENAMOS OS DADOS PESSOAIS<\/strong><\/li>\n<\/ol>\n<p>Os dados pessoais podem ser armazenados e tratados no Brasil ou em outros pa\u00edses pela necessidade de armazenamento de dados em servidores de computa\u00e7\u00e3o em nuvem (cloud). O uso desses sistemas de nuvem \u00e9 parte de nossa forma de prestar servi\u00e7os sempre respeitando os procedimentos de seguran\u00e7a e de confidencialidade dos dados pessoais coletados. Onde quer que os dados sejam armazenados por n\u00f3s ou por nossos parceiros, saiba que s\u00e3o tomadas todas as medidas t\u00e9cnicas e organizacionais de seguran\u00e7a e confidencialidade, a fim de garantir um alto n\u00edvel de prote\u00e7\u00e3o dessas informa\u00e7\u00f5es.<\/p>\n<p>&nbsp;<\/p>\n<ol start=\"13\">\n<li><a name=\"_Toc87366154\"><\/a> <strong>ALTERA\u00c7\u00d5ES DO AVISO DE PRIVACIDADE<\/strong><\/li>\n<\/ol>\n<p>Este Aviso de Privacidade poder\u00e1 ser revisado a qualquer tempo e sem pr\u00e9vio aviso, levando-se em considera\u00e7\u00e3o a legisla\u00e7\u00e3o aplic\u00e1vel e as mudan\u00e7as organizacionais que ocorram a qualquer momento, a fim de manter sua pertin\u00eancia e efic\u00e1cia.<\/p>\n<p>Recomendamos que consulte este documento periodicamente e verifique a data de sua \u00faltima atualiza\u00e7\u00e3o.<\/p>\n<p>&nbsp;<\/p>\n<ol start=\"14\">\n<li><a name=\"_Toc87366155\"><\/a> <strong>D\u00daVIDAS E INFORMA\u00c7\u00d5ES GERAIS<\/strong><\/li>\n<\/ol>\n<p>Para exercer qualquer um dos seus direitos ou se voc\u00ea tiver d\u00favidas sobre o tratamento de dados pessoais ou em rela\u00e7\u00e3o \u00e0 sua privacidade, entre em contato com nosso Encarregado pelo tratamento de dados pessoais (DPO) pelo e-mail:\u00a0<a href=\"mailto:privacidade@factecnologia.com.br\">dpo@factecnologia.com.br<\/a>.[\/vc_column_text][\/vc_column][\/vc_row]<\/p>\n","protected":false},"excerpt":{"rendered":"[vc_row][vc_column][vc_column_text] AVISO DE PRIVACIDADE INTRODU\u00c7\u00c3O A Pol\u00edtica de Privacidade da FAC Tecnologia foi criada com o intuito de demonstrar o nosso compromisso com a prote\u00e7\u00e3o de seus dados pessoais. A seguir, apresentaremos como as suas informa\u00e7\u00f5es ser\u00e3o coletadas, utilizadas, protegidas, bem como quais s\u00e3o os seus direitos e como eles poder\u00e3o ser exercidos nos termos[&#8230;]","protected":false},"author":1,"featured_media":0,"parent":0,"menu_order":11,"comment_status":"closed","ping_status":"closed","template":"","meta":{"footnotes":""},"class_list":["post-516","page","type-page","status-publish","hentry"],"_links":{"self":[{"href":"https:\/\/factecnologia.com.br\/novo\/wp-json\/wp\/v2\/pages\/516","targetHints":{"allow":["GET"]}}],"collection":[{"href":"https:\/\/factecnologia.com.br\/novo\/wp-json\/wp\/v2\/pages"}],"about":[{"href":"https:\/\/factecnologia.com.br\/novo\/wp-json\/wp\/v2\/types\/page"}],"author":[{"embeddable":true,"href":"https:\/\/factecnologia.com.br\/novo\/wp-json\/wp\/v2\/users\/1"}],"replies":[{"embeddable":true,"href":"https:\/\/factecnologia.com.br\/novo\/wp-json\/wp\/v2\/comments?post=516"}],"version-history":[{"count":9,"href":"https:\/\/factecnologia.com.br\/novo\/wp-json\/wp\/v2\/pages\/516\/revisions"}],"predecessor-version":[{"id":1040606,"href":"https:\/\/factecnologia.com.br\/novo\/wp-json\/wp\/v2\/pages\/516\/revisions\/1040606"}],"wp:attachment":[{"href":"https:\/\/factecnologia.com.br\/novo\/wp-json\/wp\/v2\/media?parent=516"}],"curies":[{"name":"wp","href":"https:\/\/api.w.org\/{rel}","templated":true}]}}