{"id":430,"date":"2016-08-15T18:04:50","date_gmt":"2016-08-15T18:04:50","guid":{"rendered":"http:\/\/kroth:8888\/?page_id=430"},"modified":"2021-02-26T21:23:56","modified_gmt":"2021-02-26T21:23:56","slug":"blog","status":"publish","type":"page","link":"https:\/\/factecnologia.com.br\/novo\/blog\/","title":{"rendered":"Blog"},"content":{"rendered":"<p>[vc_row][vc_column]\n    <!-- Blog Start -->\n    <div class=\"krth-blog-one krth-blog-col-2  krth-post-69f4f94037105 \">\n\n      \n      <div id=\"post-334\" class=\"krth-blog-post post-334 post type-post status-publish format-standard has-post-thumbnail hentry category-lgpd\">\n\n                <div class=\"featured-image rounded-three\">\n          <img decoding=\"async\" src=\"https:\/\/factecnologia.com.br\/novo\/wp-content\/uploads\/2019\/06\/businessman-holding-a-smartphone-PV3Z7VK.jpg\" alt=\"LGPD: O que muda para sua empresa?\">\n        <\/div>\n        \n        <!-- Content -->\n        <div class=\"bp-content\">\n\n          <!-- Metas -->\n          <div class=\"bp-top-meta\">\n                        <div class=\"bp-cat\">\n              <a href=\"https:\/\/factecnologia.com.br\/novo\/category\/lgpd\/\" rel=\"category tag\">LGPD<\/a>            <\/div>\n                        <div class=\"bp-date\">\n              <span>08\/01\/2021<\/span>\n            <\/div>\n                      <\/div>\n          <!-- Metas -->\n\n          <a href=\"https:\/\/factecnologia.com.br\/novo\/2021\/01\/08\/post-2\/\" class=\"bp-heading\">LGPD: O que muda para sua empresa?<\/a>\n                    <p>Lei Geral de Prote\u00e7\u00e3o de Dados LGPD \u00e9 a sigla adotada para designar a Lei Geral de Prote\u00e7\u00e3o de Dados[&#8230;]<\/p>\n          <a href=\"https:\/\/factecnologia.com.br\/novo\/2021\/01\/08\/post-2\/\" class=\"bp-read-more\">\n            Read More          <\/a>\n                    <div class=\"bp-bottom-comments\">\n            <span><\/span>          <\/div>\n                  <\/div>\n        <!-- Content -->\n\n        <\/div><!-- #post-## -->\n\n      \n      <div id=\"post-1040328\" class=\"krth-blog-post post-1040328 post type-post status-publish format-standard has-post-thumbnail hentry category-pentest\">\n\n                <div class=\"featured-image rounded-three\">\n          <img decoding=\"async\" src=\"https:\/\/factecnologia.com.br\/novo\/wp-content\/uploads\/2021\/02\/penetration-testing.jpg\" alt=\"O PENTEST: O que \u00e9?\">\n        <\/div>\n        \n        <!-- Content -->\n        <div class=\"bp-content\">\n\n          <!-- Metas -->\n          <div class=\"bp-top-meta\">\n                        <div class=\"bp-cat\">\n              <a href=\"https:\/\/factecnologia.com.br\/novo\/category\/pentest\/\" rel=\"category tag\">Pentest<\/a>            <\/div>\n                        <div class=\"bp-date\">\n              <span>26\/02\/2021<\/span>\n            <\/div>\n                      <\/div>\n          <!-- Metas -->\n\n          <a href=\"https:\/\/factecnologia.com.br\/novo\/2021\/02\/26\/o-pentest-o-que-e\/\" class=\"bp-heading\">O PENTEST: O que \u00e9?<\/a>\n                    <p>O Pentest \u00e9 uma forma de detectar e explorar vulnerabilidades existentes nos sistemas, ou seja, simular ataques de hackers. Essas[&#8230;]<\/p>\n          <a href=\"https:\/\/factecnologia.com.br\/novo\/2021\/02\/26\/o-pentest-o-que-e\/\" class=\"bp-read-more\">\n            Read More          <\/a>\n                    <div class=\"bp-bottom-comments\">\n            <a href=\"https:\/\/factecnologia.com.br\/novo\/2021\/02\/26\/o-pentest-o-que-e\/#respond\"><i class=\"icon-speech\"><\/i><span>0<\/span><\/a>          <\/div>\n                  <\/div>\n        <!-- Content -->\n\n        <\/div><!-- #post-## -->\n\n      \n      <div id=\"post-1040331\" class=\"krth-blog-post post-1040331 post type-post status-publish format-standard has-post-thumbnail hentry category-cyber-security\">\n\n                <div class=\"featured-image rounded-three\">\n          <img decoding=\"async\" src=\"https:\/\/factecnologia.com.br\/novo\/wp-content\/uploads\/2021\/02\/security.jpg\" alt=\"O que \u00e9 a seguran\u00e7a da informa\u00e7\u00e3o?\">\n        <\/div>\n        \n        <!-- Content -->\n        <div class=\"bp-content\">\n\n          <!-- Metas -->\n          <div class=\"bp-top-meta\">\n                        <div class=\"bp-cat\">\n              <a href=\"https:\/\/factecnologia.com.br\/novo\/category\/cyber-security\/\" rel=\"category tag\">Cyber security<\/a>            <\/div>\n                        <div class=\"bp-date\">\n              <span>26\/02\/2021<\/span>\n            <\/div>\n                      <\/div>\n          <!-- Metas -->\n\n          <a href=\"https:\/\/factecnologia.com.br\/novo\/2021\/02\/26\/o-que-e-a-seguranca-da-informacao\/\" class=\"bp-heading\">O que \u00e9 a seguran\u00e7a da informa\u00e7\u00e3o?<\/a>\n                    <p>O conceito de seguran\u00e7a da informa\u00e7\u00e3o \u00e9 muito mais amplo e, justamente por isso, muitas vezes acaba confundido com a[&#8230;]<\/p>\n          <a href=\"https:\/\/factecnologia.com.br\/novo\/2021\/02\/26\/o-que-e-a-seguranca-da-informacao\/\" class=\"bp-read-more\">\n            Read More          <\/a>\n                    <div class=\"bp-bottom-comments\">\n            <a href=\"https:\/\/factecnologia.com.br\/novo\/2021\/02\/26\/o-que-e-a-seguranca-da-informacao\/#respond\"><i class=\"icon-speech\"><\/i><span>0<\/span><\/a>          <\/div>\n                  <\/div>\n        <!-- Content -->\n\n        <\/div><!-- #post-## -->\n\n      \n    <\/div>\n    <!-- Blog End -->\n\n    [\/vc_column][\/vc_row]<\/p>\n","protected":false},"excerpt":{"rendered":"[vc_row][vc_column][\/vc_column][\/vc_row]","protected":false},"author":1,"featured_media":0,"parent":0,"menu_order":17,"comment_status":"closed","ping_status":"closed","template":"","meta":{"footnotes":""},"class_list":["post-430","page","type-page","status-publish","hentry"],"_links":{"self":[{"href":"https:\/\/factecnologia.com.br\/novo\/wp-json\/wp\/v2\/pages\/430","targetHints":{"allow":["GET"]}}],"collection":[{"href":"https:\/\/factecnologia.com.br\/novo\/wp-json\/wp\/v2\/pages"}],"about":[{"href":"https:\/\/factecnologia.com.br\/novo\/wp-json\/wp\/v2\/types\/page"}],"author":[{"embeddable":true,"href":"https:\/\/factecnologia.com.br\/novo\/wp-json\/wp\/v2\/users\/1"}],"replies":[{"embeddable":true,"href":"https:\/\/factecnologia.com.br\/novo\/wp-json\/wp\/v2\/comments?post=430"}],"version-history":[{"count":1,"href":"https:\/\/factecnologia.com.br\/novo\/wp-json\/wp\/v2\/pages\/430\/revisions"}],"predecessor-version":[{"id":1040392,"href":"https:\/\/factecnologia.com.br\/novo\/wp-json\/wp\/v2\/pages\/430\/revisions\/1040392"}],"wp:attachment":[{"href":"https:\/\/factecnologia.com.br\/novo\/wp-json\/wp\/v2\/media?parent=430"}],"curies":[{"name":"wp","href":"https:\/\/api.w.org\/{rel}","templated":true}]}}